{"id":736,"date":"2024-04-29T14:41:55","date_gmt":"2024-04-29T12:41:55","guid":{"rendered":"https:\/\/artmelodious.com\/?page_id=736"},"modified":"2024-05-05T18:57:51","modified_gmt":"2024-05-05T16:57:51","slug":"calendrier","status":"publish","type":"page","link":"https:\/\/artmelodious.com\/index.php\/calendrier\/","title":{"rendered":"Handpan events"},"content":{"rendered":"\n<p><br>D\u00e9couvrez ici nos \u00e9v\u00e9nements locaux, notamment ceux organis\u00e9s par les <a href=\"https:\/\/www.facebook.com\/profile.php?id=100005309775120\">Ateliers Cr\u00e9a-Son<\/a>, ainsi que <strong>les \u00e9v\u00e9nements internationaux d\u00e9di\u00e9s au handpan<\/strong>. <\/p>\n\n\n\n<p>Ne manquez pas ces occasions uniques de d\u00e9couvrir, de rencontrer des passionn\u00e9s et de vivre des exp\u00e9riences inoubliables !<\/p>\n\n\n<div id=\"stec-69e71f7fc72ff\" class=\"stec-instance\"><\/div>\r\n        <script type=\"text\/javascript\">\r\n            (function() {\r\n\r\n                const instance = {\"id\":\"stec-69e71f7fc72ff\",\"filter__organizer\":\"atom_default\",\"filter__location\":\"atom_default\",\"filter__guest\":\"atom_default\",\"filter__category\":\"atom_default\",\"filter__calendar\":\"atom_default\",\"filter__min_date\":\"\",\"filter__max_date\":\"\",\"filter__minmax_intersect\":\"atom_default\",\"filter__start_date\":\"atom_default\",\"filter__featured\":\"atom_default\",\"filter__read_permission\":\"atom_default\",\"filter__author\":\"atom_default\",\"filter__events\":\"atom_default\",\"calendar__dow\":1,\"calendar__show_tz_offset\":true,\"calendar__use_user_timezone\":true,\"calendar__date_format\":\"stec_ymd\",\"calendar__time_format\":\"stec_24\",\"calendar__top_enabled\":true,\"calendar__top_today_button\":true,\"calendar__top_nav_buttons\":true,\"calendar__top_datepicker_menu\":true,\"calendar__top_search_menu\":true,\"calendar__top_filters_menu\":1,\"calendar__top_layouts_menu\":true,\"calendar__top_inline_categories\":false,\"calendar__top_categories_start_inactive\":\"atom_default\",\"calendar__layouts\":\"month,boxgrid,map,agenda\",\"calendar__layout\":\"agenda\",\"calendar__open_events_in\":\"calendar\",\"calendar__links_target\":\"_self\",\"layouts__agenda_list_more_button\":\"atom_default\",\"layouts__agenda_list_next_button\":true,\"layouts__agenda_list_reverse_order\":false,\"layouts__agenda_list\":true,\"layouts__agenda_list_limit\":3,\"layouts__agenda_slider\":true,\"layouts__grid_image_auto_height\":\"atom_default\",\"layouts__grid_gutter\":10,\"layouts__grid_columns\":3,\"layouts__grid_limit\":3,\"layouts__grid_more_button\":\"atom_default\",\"layouts__grid_next_button\":true,\"layouts__grid_reverse_order\":false,\"layouts__boxgrid_gutter\":0,\"layouts__boxgrid_columns\":3,\"layouts__boxgrid_limit\":3,\"layouts__boxgrid_more_button\":\"atom_default\",\"layouts__boxgrid_next_button\":true,\"layouts__boxgrid_reverse_order\":false,\"layouts__month_week_image_auto_height\":\"atom_default\",\"layouts__month_week_force_title\":false,\"layouts__month_week_es_form_on_top\":\"atom_default\",\"layouts__month_week_style\":\"fixed\",\"layouts__month_week_quick_open\":true,\"layouts__month_week_tooltip\":true,\"layouts__month_week_counter\":true,\"layouts__month_week_short_desc\":true,\"layouts__map_zoom\":10,\"map__type\":\"osm\",\"map__gmap_api_key\":\"\",\"comments__type\":\"internal\",\"dashboard__in_calendar\":true,\"misc__address_order\":\"atom_default\",\"misc__min_allowed_year\":\"atom_default\",\"misc__max_allowed_year\":\"atom_default\",\"misc__tiny_mce_enabled\":\"atom_default\",\"misc__tiny_mce_api_key\":\"atom_default\",\"misc__events_per_request\":100,\"calendar__ep_toggle_button\":true,\"calendar__scroll_to_event\":true,\"calendar__thumbnail_source\":\"event\",\"calendar__hide_emails\":false,\"layouts__grid_counter\":true,\"comments__fb_app_id\":\"\",\"dashboard__wpmedia\":false,\"misc__events_prefetch\":false,\"misc__tiny_mce_src\":\"\",\"misc__font_awesome\":true,\"misc__ajax_nonce\":false};\r\n\r\n                if (typeof window.stecInstances === 'undefined') {\r\n                    window.stecInstances = [];\r\n                }\r\n\r\n                window.stecInstances.push(instance);\r\n\r\n            })();\r\n        <\/script>\r\n\r\n\n\n<div id=\"stec-69e71f7fc73e2\" class=\"stec-instance\"><\/div>\r\n        <script type=\"text\/javascript\">\r\n            (function() {\r\n\r\n                const instance = {\"id\":\"stec-69e71f7fc73e2\",\"filter__organizer\":\"atom_default\",\"filter__location\":\"atom_default\",\"filter__guest\":\"atom_default\",\"filter__category\":\"atom_default\",\"filter__calendar\":\"atom_default\",\"filter__min_date\":\"\",\"filter__max_date\":\"\",\"filter__minmax_intersect\":\"atom_default\",\"filter__start_date\":\"atom_default\",\"filter__featured\":\"atom_default\",\"filter__read_permission\":\"atom_default\",\"filter__author\":\"atom_default\",\"filter__events\":\"atom_default\",\"calendar__dow\":1,\"calendar__show_tz_offset\":true,\"calendar__use_user_timezone\":true,\"calendar__date_format\":\"stec_ymd\",\"calendar__time_format\":\"stec_24\",\"calendar__top_enabled\":true,\"calendar__top_today_button\":true,\"calendar__top_nav_buttons\":true,\"calendar__top_datepicker_menu\":true,\"calendar__top_search_menu\":true,\"calendar__top_filters_menu\":1,\"calendar__top_layouts_menu\":true,\"calendar__top_inline_categories\":false,\"calendar__top_categories_start_inactive\":\"atom_default\",\"calendar__layouts\":\"boxgrid\",\"calendar__layout\":\"boxgrid\",\"calendar__open_events_in\":\"calendar\",\"calendar__links_target\":\"_self\",\"layouts__agenda_list_more_button\":\"atom_default\",\"layouts__agenda_list_next_button\":true,\"layouts__agenda_list_reverse_order\":false,\"layouts__agenda_list\":true,\"layouts__agenda_list_limit\":3,\"layouts__agenda_slider\":true,\"layouts__grid_image_auto_height\":\"atom_default\",\"layouts__grid_gutter\":10,\"layouts__grid_columns\":3,\"layouts__grid_limit\":3,\"layouts__grid_more_button\":\"atom_default\",\"layouts__grid_next_button\":true,\"layouts__grid_reverse_order\":false,\"layouts__boxgrid_gutter\":0,\"layouts__boxgrid_columns\":3,\"layouts__boxgrid_limit\":3,\"layouts__boxgrid_more_button\":\"atom_default\",\"layouts__boxgrid_next_button\":true,\"layouts__boxgrid_reverse_order\":false,\"layouts__month_week_image_auto_height\":\"atom_default\",\"layouts__month_week_force_title\":false,\"layouts__month_week_es_form_on_top\":\"atom_default\",\"layouts__month_week_style\":\"fixed\",\"layouts__month_week_quick_open\":true,\"layouts__month_week_tooltip\":true,\"layouts__month_week_counter\":true,\"layouts__month_week_short_desc\":true,\"layouts__map_zoom\":10,\"map__type\":\"osm\",\"map__gmap_api_key\":\"\",\"comments__type\":\"internal\",\"dashboard__in_calendar\":true,\"misc__address_order\":\"atom_default\",\"misc__min_allowed_year\":\"atom_default\",\"misc__max_allowed_year\":\"atom_default\",\"misc__tiny_mce_enabled\":\"atom_default\",\"misc__tiny_mce_api_key\":\"atom_default\",\"misc__events_per_request\":100,\"calendar__ep_toggle_button\":true,\"calendar__scroll_to_event\":true,\"calendar__thumbnail_source\":\"event\",\"calendar__hide_emails\":false,\"layouts__grid_counter\":true,\"comments__fb_app_id\":\"\",\"dashboard__wpmedia\":false,\"misc__events_prefetch\":false,\"misc__tiny_mce_src\":\"\",\"misc__font_awesome\":true,\"misc__ajax_nonce\":false};\r\n\r\n                if (typeof window.stecInstances === 'undefined') {\r\n                    window.stecInstances = [];\r\n                }\r\n\r\n                window.stecInstances.push(instance);\r\n\r\n            })();\r\n        <\/script>\r\n\r\n\n\n\n<p><br>Si vous souhaitez partager vos \u00e9v\u00e9nements li\u00e9s au Handpan, n&rsquo;h\u00e9sitez pas \u00e0 nous contacter pour les publier dans notre agenda des \u00e9v\u00e9nements Handpan en Belgique et dans le reste du monde. Nous sommes toujours ravis d&rsquo;informer notre communaut\u00e9 des derni\u00e8res nouvelles et des rencontres musicales \u00e0 venir ! <a href=\"mailto:rasphac@gmail.com\">rasphac@gmail.com<\/a><\/p>\n","protected":false},"excerpt":{"rendered":"<p>D\u00e9couvrez ici nos \u00e9v\u00e9nements locaux, notamment ceux organis\u00e9s par les Ateliers Cr\u00e9a-Son, ainsi que les \u00e9v\u00e9nements internationaux d\u00e9di\u00e9s au handpan. Ne manquez pas ces occasions uniques de d\u00e9couvrir, de rencontrer des passionn\u00e9s et de vivre des exp\u00e9riences inoubliables ! Si vous souhaitez partager vos \u00e9v\u00e9nements li\u00e9s au Handpan, n&rsquo;h\u00e9sitez pas \u00e0 nous contacter pour les &hellip; <\/p>\n<p class=\"link-more\"><a href=\"https:\/\/artmelodious.com\/index.php\/calendrier\/\" class=\"more-link\">Lire la suite de<span class=\"screen-reader-text\">\u00ab\u00a0Handpan events\u00a0\u00bb<\/span><\/a><\/p>\n","protected":false},"author":1,"featured_media":540,"parent":0,"menu_order":0,"comment_status":"closed","ping_status":"closed","template":"","meta":{"footnotes":""},"class_list":["post-736","page","type-page","status-publish","has-post-thumbnail","hentry"],"jetpack_sharing_enabled":true,"_links":{"self":[{"href":"https:\/\/artmelodious.com\/index.php\/wp-json\/wp\/v2\/pages\/736","targetHints":{"allow":["GET"]}}],"collection":[{"href":"https:\/\/artmelodious.com\/index.php\/wp-json\/wp\/v2\/pages"}],"about":[{"href":"https:\/\/artmelodious.com\/index.php\/wp-json\/wp\/v2\/types\/page"}],"author":[{"embeddable":true,"href":"https:\/\/artmelodious.com\/index.php\/wp-json\/wp\/v2\/users\/1"}],"replies":[{"embeddable":true,"href":"https:\/\/artmelodious.com\/index.php\/wp-json\/wp\/v2\/comments?post=736"}],"version-history":[{"count":22,"href":"https:\/\/artmelodious.com\/index.php\/wp-json\/wp\/v2\/pages\/736\/revisions"}],"predecessor-version":[{"id":835,"href":"https:\/\/artmelodious.com\/index.php\/wp-json\/wp\/v2\/pages\/736\/revisions\/835"}],"wp:featuredmedia":[{"embeddable":true,"href":"https:\/\/artmelodious.com\/index.php\/wp-json\/wp\/v2\/media\/540"}],"wp:attachment":[{"href":"https:\/\/artmelodious.com\/index.php\/wp-json\/wp\/v2\/media?parent=736"}],"curies":[{"name":"wp","href":"https:\/\/api.w.org\/{rel}","templated":true}]}}