{"id":399,"date":"2024-04-10T15:30:58","date_gmt":"2024-04-10T13:30:58","guid":{"rendered":"https:\/\/artmelodious.com\/?page_id=399"},"modified":"2024-04-26T18:19:31","modified_gmt":"2024-04-26T16:19:31","slug":"politique","status":"publish","type":"page","link":"https:\/\/artmelodious.com\/index.php\/politique\/","title":{"rendered":"Conditions g\u00e9n\u00e9rales d\u2019utilisation"},"content":{"rendered":"\n<h2 class=\"wp-block-heading\"><strong>Conditions G\u00e9n\u00e9rales de Vente<\/strong><\/h2>\n\n\n\n<p class=\"has-text-color has-link-color wp-elements-9af3628fcbb28443b258a483750d4ef4\" style=\"color:#ab8719\"><strong>1. Champ d&rsquo;Application<\/strong><\/p>\n\n\n\n<p class=\"has-text-color has-link-color wp-elements-5c6ad1308b9581bfa9788db81a8ed478\" style=\"color:#ab8719\">Les pr\u00e9sentes conditions g\u00e9n\u00e9rales de vente s&rsquo;appliquent \u00e0 toutes les commandes pass\u00e9es sur notre site internet. En passant commande, le client reconna\u00eet avoir pris connaissance et accept\u00e9 sans r\u00e9serve ces conditions g\u00e9n\u00e9rales de vente.<\/p>\n\n\n\n<p class=\"has-text-color has-link-color wp-elements-98ce6659141deddb17f623502a5d0c16\" style=\"color:#ab8719\"><strong>2. Produits<\/strong><\/p>\n\n\n\n<p class=\"has-text-color has-link-color wp-elements-07f6addcec239bcfc264b0b93cfb50e0\" style=\"color:#ab8719\">Nos produits sont d\u00e9crits et pr\u00e9sent\u00e9s avec la plus grande exactitude possible. Toutefois, des erreurs ou omissions peuvent survenir. En cas de doute sur un produit, le client peut nous contacter pour obtenir des informations compl\u00e9mentaires.<\/p>\n\n\n\n<p class=\"has-text-color has-link-color wp-elements-7285c9c248a46be136e4d77edd233ea6\" style=\"color:#ab8719\"><strong>3. Prix<\/strong><\/p>\n\n\n\n<p class=\"has-text-color has-link-color wp-elements-14d91070738a168b4c7b3f18f5781cfd\" style=\"color:#ab8719\">Les prix de nos produits sont indiqu\u00e9s en euros toutes taxes comprises (TTC). Les frais de livraison sont \u00e0 la charge du client et sont indiqu\u00e9s lors du processus de commande. Nous nous r\u00e9servons le droit de modifier nos prix \u00e0 tout moment, mais les produits seront factur\u00e9s sur la base des tarifs en vigueur au moment de la validation de la commande.<\/p>\n\n\n\n<p class=\"has-text-color has-link-color wp-elements-d3261f8a0228322174c008020dcf5c5c\" style=\"color:#ab8719\"><strong>4. Commande<\/strong><\/p>\n\n\n\n<p class=\"has-text-color has-link-color wp-elements-a77e265a1f5a960d0535c420f8bca002\" style=\"color:#ab8719\">Le processus de commande sur notre site internet est simple et s\u00e9curis\u00e9. Une fois la commande pass\u00e9e, le client recevra un email de confirmation r\u00e9capitulant les d\u00e9tails de sa commande. La commande ne sera consid\u00e9r\u00e9e comme d\u00e9finitive qu&rsquo;apr\u00e8s r\u00e9ception du paiement.<\/p>\n\n\n\n<p class=\"has-text-color has-link-color wp-elements-8289ad0361c8aa1d5da6f0b8a650bffe\" style=\"color:#ab8719\"><strong>5. Paiement<\/strong><\/p>\n\n\n\n<p class=\"has-text-color has-link-color wp-elements-48801eced8dd65208c7c596649c3e0ba\" style=\"color:#ab8719\">Le paiement des commandes s&rsquo;effectue en ligne par carte bancaire ou par tout autre moyen de paiement accept\u00e9 sur notre site. Les paiements sont s\u00e9curis\u00e9s et crypt\u00e9s pour garantir la confidentialit\u00e9 des informations.<\/p>\n\n\n\n<p class=\"has-text-color has-link-color wp-elements-6f7705d93b02607e4d98e0453121d4fc\" style=\"color:#ab8719\"><strong>6. Livraison<\/strong><\/p>\n\n\n\n<p class=\"has-text-color has-link-color wp-elements-97717f293ec2950d9b13375162ffecf4\" style=\"color:#ab8719\">Les d\u00e9lais et modalit\u00e9s de livraison sont indiqu\u00e9s lors du processus de commande. Nous nous engageons \u00e0 livrer les produits dans les meilleurs d\u00e9lais et dans les conditions optimales. En cas de retard de livraison, le client sera inform\u00e9 par email ou par t\u00e9l\u00e9phone.<\/p>\n\n\n\n<p class=\"has-text-color has-link-color wp-elements-05f1f058a621a93416a713cb79a69d0d\" style=\"color:#ab8719\"><strong>7. Droit de R\u00e9tractation<\/strong><\/p>\n\n\n\n<p class=\"has-text-color has-link-color wp-elements-ee992cfabe707c9d049f4231bbccf16a\" style=\"color:#ab8719\">Conform\u00e9ment \u00e0 la l\u00e9gislation belge, le client dispose d&rsquo;un d\u00e9lai de 14 jours \u00e0 compter de la r\u00e9ception des produits pour exercer son droit de r\u00e9tractation et retourner les produits, \u00e0 ses frais, pour remboursement.<\/p>\n\n\n\n<p class=\"has-text-color has-link-color wp-elements-7fc75213c3d2cd6746f0a645c622b578\" style=\"color:#ab8719\"><strong>8. Service Client\u00e8le<\/strong><\/p>\n\n\n\n<p class=\"has-text-color has-link-color wp-elements-17b83c7a2ec641a88463d81eef98e1df\" style=\"color:#ab8719\">Notre service client\u00e8le est \u00e0 votre disposition pour r\u00e9pondre \u00e0 toutes vos questions et vous assister dans le processus d&rsquo;achat. Vous pouvez nous contacter par email \u00e0 <a href=\"mailto:art-melodious@outlook.com\" target=\"_blank\" rel=\"noreferrer noopener\">art-melodious@outlook.com<\/a> ou par t\u00e9l\u00e9phone au +32498972029.<\/p>\n\n\n\n<p class=\"has-text-color has-link-color wp-elements-ce9ff852483de193aeda9c9e53274620\" style=\"color:#ab8719\">En passant commande sur notre site internet, le client reconna\u00eet avoir pris connaissance et accept\u00e9 sans r\u00e9serve les pr\u00e9sentes conditions g\u00e9n\u00e9rales de vente.<\/p>\n\n\n\n<p><\/p>\n\n\n\n<h2 class=\"wp-block-heading\"><strong>Politique de Remboursement de ArtMelodiouS<\/strong><\/h2>\n\n\n\n<p class=\"has-text-color has-link-color wp-elements-1c079d2766f76cd4484774cc8260769c\" style=\"color:#ab8719\">Chez ArtMelodiouS, nous nous engageons \u00e0 garantir la satisfaction de nos clients. Si vous n&rsquo;\u00eates pas enti\u00e8rement satisfait de votre achat d&rsquo;instruments de musique, nous offrons une politique de remboursement pour vous assurer une exp\u00e9rience d&rsquo;achat sans souci uniquement pour les achats en ligne.<\/p>\n\n\n\n<p class=\"has-text-color has-link-color wp-elements-d5b075fb8788b85d8ea9528de5c43bda\" style=\"color:#ab8719\">Conditions de Remboursement :<\/p>\n\n\n\n<p class=\"has-text-color has-link-color wp-elements-6038c4760cf6f79bab6f9d9f3d247333\" style=\"color:#ab8719\">Nous nous engageons \u00e0 vous offrir une exp\u00e9rience d&rsquo;achat satisfaisante et transparente chez ArtMelodiouS. Si vous avez des questions ou des pr\u00e9occupations concernant notre politique de remboursement, n&rsquo;h\u00e9sitez pas \u00e0 nous contacter.<\/p>\n\n\n\n<p class=\"has-text-color has-link-color wp-elements-436fed1a3739bbbc356d2a725da768b2\" style=\"color:#ab8719\">D\u00e9lai de Remboursement : Vous disposez d&rsquo;un d\u00e9lai de 15 jours \u00e0 compter de la r\u00e9ception de votre commande pour demander un remboursement.<\/p>\n\n\n\n<p class=\"has-text-color has-link-color wp-elements-87874a21af3742c100a84b37b3f0869f\" style=\"color:#ab8719\">\u00c9tat de l&rsquo;Article : Les articles retourn\u00e9s doivent \u00eatre dans leur \u00e9tat d&rsquo;origine, non utilis\u00e9s et dans leur emballage d&rsquo;origine avec toutes les \u00e9tiquettes intactes.<\/p>\n\n\n\n<p class=\"has-text-color has-link-color wp-elements-bfd6fc12fe562836276cf320d909b4aa\" style=\"color:#ab8719\">Demande de Remboursement : Pour demander un remboursement, veuillez contacter notre service client\u00e8le par e-mail \u00e0 art-melodious@outlook.com.<\/p>\n\n\n\n<p class=\"has-text-color has-link-color wp-elements-902e09683ce63d7c759507148468d266\" style=\"color:#ab8719\">Frais de Retour : Les frais de retour sont \u00e0 la charge du client, sauf en cas de produit d\u00e9fectueux ou d&rsquo;erreur de notre part.<\/p>\n\n\n\n<p class=\"has-text-color has-link-color wp-elements-2ed3c49e0ae638d997865aa4d2e221b7\" style=\"color:#ab8719\">Processus de Remboursement :<\/p>\n\n\n\n<p class=\"has-text-color has-link-color wp-elements-ae99efab3a04f235708697873ff437a9\" style=\"color:#ab8719\">Inspection : Une fois que nous avons re\u00e7u votre article retourn\u00e9, notre \u00e9quipe proc\u00e9dera \u00e0 une inspection pour v\u00e9rifier son \u00e9tat.<\/p>\n\n\n\n<p class=\"has-text-color has-link-color wp-elements-9bd09060b296f4eeae09feb0d45d723f\" style=\"color:#ab8719\">Remboursement : Si l&rsquo;article est approuv\u00e9 pour le remboursement, nous traiterons votre remboursement dans un d\u00e9lai de 15 jours ouvrables. Le remboursement sera effectu\u00e9 selon le mode de paiement original.<\/p>\n\n\n\n<p class=\"has-text-color has-link-color wp-elements-908c9dd76b47dc1ea27008da590f1a4b\" style=\"color:#ab8719\">Nous nous engageons \u00e0 vous offrir une exp\u00e9rience d&rsquo;achat satisfaisante et transparente chez ArtMelodiouS. Si vous avez des questions ou des pr\u00e9occupations concernant notre politique de remboursement, n&rsquo;h\u00e9sitez pas \u00e0 nous contacter.<\/p>\n","protected":false},"excerpt":{"rendered":"<p>Conditions G\u00e9n\u00e9rales de Vente 1. Champ d&rsquo;Application Les pr\u00e9sentes conditions g\u00e9n\u00e9rales de vente s&rsquo;appliquent \u00e0 toutes les commandes pass\u00e9es sur notre site internet. En passant commande, le client reconna\u00eet avoir pris connaissance et accept\u00e9 sans r\u00e9serve ces conditions g\u00e9n\u00e9rales de vente. 2. Produits Nos produits sont d\u00e9crits et pr\u00e9sent\u00e9s avec la plus grande exactitude possible. &hellip; <\/p>\n<p class=\"link-more\"><a href=\"https:\/\/artmelodious.com\/index.php\/politique\/\" class=\"more-link\">Lire la suite de<span class=\"screen-reader-text\">\u00ab\u00a0Conditions g\u00e9n\u00e9rales d\u2019utilisation\u00a0\u00bb<\/span><\/a><\/p>\n","protected":false},"author":1,"featured_media":0,"parent":0,"menu_order":0,"comment_status":"closed","ping_status":"closed","template":"","meta":{"footnotes":""},"class_list":["post-399","page","type-page","status-publish","hentry"],"jetpack_sharing_enabled":true,"_links":{"self":[{"href":"https:\/\/artmelodious.com\/index.php\/wp-json\/wp\/v2\/pages\/399","targetHints":{"allow":["GET"]}}],"collection":[{"href":"https:\/\/artmelodious.com\/index.php\/wp-json\/wp\/v2\/pages"}],"about":[{"href":"https:\/\/artmelodious.com\/index.php\/wp-json\/wp\/v2\/types\/page"}],"author":[{"embeddable":true,"href":"https:\/\/artmelodious.com\/index.php\/wp-json\/wp\/v2\/users\/1"}],"replies":[{"embeddable":true,"href":"https:\/\/artmelodious.com\/index.php\/wp-json\/wp\/v2\/comments?post=399"}],"version-history":[{"count":5,"href":"https:\/\/artmelodious.com\/index.php\/wp-json\/wp\/v2\/pages\/399\/revisions"}],"predecessor-version":[{"id":600,"href":"https:\/\/artmelodious.com\/index.php\/wp-json\/wp\/v2\/pages\/399\/revisions\/600"}],"wp:attachment":[{"href":"https:\/\/artmelodious.com\/index.php\/wp-json\/wp\/v2\/media?parent=399"}],"curies":[{"name":"wp","href":"https:\/\/api.w.org\/{rel}","templated":true}]}}